{"id":1438,"date":"2019-06-28T12:32:50","date_gmt":"2019-06-28T10:32:50","guid":{"rendered":"http:\/\/taxisbarcelona.pruebasweb.com.es\/cookies\/"},"modified":"2019-07-03T09:37:32","modified_gmt":"2019-07-03T07:37:32","slug":"cookies","status":"publish","type":"page","link":"https:\/\/taxisbarcelona.org\/en\/cookies\/","title":{"rendered":"Cookies"},"content":{"rendered":"<div class=\"fusion-fullwidth fullwidth-box fusion-builder-row-1 nonhundred-percent-fullwidth non-hundred-percent-height-scrolling\" style=\"--awb-border-radius-top-left:0px;--awb-border-radius-top-right:0px;--awb-border-radius-bottom-right:0px;--awb-border-radius-bottom-left:0px;--awb-padding-bottom:4%;--awb-flex-wrap:wrap;\" ><div class=\"fusion-builder-row fusion-row\"><div class=\"fusion-layout-column fusion_builder_column fusion-builder-column-0 fusion_builder_column_1_1 1_1 fusion-one-full fusion-column-first fusion-column-last\" style=\"--awb-bg-size:cover;\"><div class=\"fusion-column-wrapper fusion-column-has-shadow fusion-flex-column-wrapper-legacy\"><div class=\"fusion-text fusion-text-1 justificado\"><h3>Use of cookies<\/h3>\n<p style=\"text-align: justify;\">The web site of GREGORIO MANZANAL RODERO (hereinafter, the Web Site) uses proprietary and third-party cookies (Google Analytics) to improve your user experience and collect statistical data about USERS\u2019 use of the Web Site.  The cookies are only associated to the browser that is used, therefore no personal data about the USER who visits the web page is stored. You can configure your browser to receive a notification about and\/or reject the installation of cookies, which will not prevent the possibility of the USER being able to access the different areas of the Web Site, except for the technical support chat service.<\/p>\n<p>If you browse the Web Site, you are accepting the use of cookies under the conditions established in this <strong>Cookie Policy<\/strong>. This policy may be updated, and you are therefore invited to review it regularly.<\/p>\n<h3>What are cookies?<\/h3>\n<p style=\"text-align: justify;\">They are small data files that the internet service sends to the device with which you connect to our web sites and which is stored. They are only associated to your browser and do not provide personal data on their own. Cookies cannot damage your device and are also very useful, given that they help to identify and resolve errors.<\/p>\n<p>If you require further information about how they work, please visit <a href=\"http:\/\/www.allaboutcookies.org\" target=\"_blank\" rel=\"noopener noreferrer\"><strong>www.allaboutcookies.org <\/strong><\/a>and <a href=\"http:\/\/www.youronlinechoices.eu\/es\/\" target=\"_blank\" rel=\"noopener noreferrer\"><strong>www.youronlinechoices.eu<\/strong><\/a><\/p>\n<h3><span style=\"font-size: 1.17em; text-align: justify; line-height: 1.5em;\">Social network cookies<\/span><\/h3>\n<p style=\"text-align: justify;\">The Web Site includes buttons that the USERS can use, simply and intuitively, to link and share certain content on social networks such as Facebook, Twitter, Google+, Linkedin and Pinterest. This functionality entails the use of cookies that link with the web sites of these social networks, storing the information only on them.<\/p>\n<h3 style=\"text-align: justify;\">Cookie configuration<\/h3>\n<p style=\"text-align: justify;\">You can consult the steps to follow to disable cookie installation in the \u201cHelp\u201d section in your browser: Microsoft Internet Explorer, Google Chrome, Safari, Mozilla Firefox and Opera.<\/p>\n<p><span style=\"line-height: 1.5em;\">Many browsers enable a private mode to be activated by means of which cookies will always be deleted after your visit to the Web Site. Depending on each browser, this private mode may have different names. Below is a list of the most common browsers and the different names of this \u201cprivate mode\u201d:<\/span><\/p>\n<ul>\n<li>Internet Explorer 8 and higher &#8211; InPrivate<\/li>\n<li>Opera 10.5 and higher \u2013 Private Browsing<\/li>\n<li>Google Chrome 10 and higher \u2013 Incognito<\/li>\n<li>Safari 2 and higher \u2013 Private Browsing<\/li>\n<li>Firefox 3.5 and higher \u2013 Private Browsing<\/li>\n<\/ul>\n<p>Below is a list of the cookies used by <a href=\"https:\/\/taxisbarcelona.org\" target=\"_blank\" rel=\"noopener noreferrer\"><strong> taxisbarcelona.org<\/strong><\/a>:<\/p>\n<table>\n<thead>\n<tr>\n<th>Cookie<\/th>\n<th>Type<\/th>\n<th>Duration<\/th>\n<th>Description<\/th>\n<\/tr>\n<\/thead>\n<tbody>\n<tr>\n<td>PHPSESSID<\/td>\n<td>Proprietary<\/td>\n<td>At the end of the browsing session<\/td>\n<td>Used by the PHP programming language to manage your browsing session. <\/td>\n<\/tr>\n<tr>\n<td>viewed_cookie_policy<\/td>\n<td>Proprietary<\/td>\n<td>One year<\/td>\n<td>Used to check if he has given his consent to the use of cookies on our web.<\/td>\n<\/tr>\n<tr>\n<td>w3tc_logged_out<\/td>\n<td>Proprietary<\/td>\n<td>At the end of the browsing session<\/td>\n<td>Used by the system cache to speed up browsing.<\/td>\n<\/tr>\n<tr>\n<td>WEBIM_UserID<\/td>\n<td>Proprietary<\/td>\n<td>One year<\/td>\n<td>Cookie for chat support.<\/td>\n<\/tr>\n<tr>\n<td>_utmc<\/td>\n<td>Third<\/td>\n<td>At the end of the browsing session<\/td>\n<td>Used by Google Analytics.<\/td>\n<\/tr>\n<tr>\n<td>_utmv<\/td>\n<td>Persistent<\/td>\n<td>6 months<\/td>\n<td>Used by Google Analytics.<\/td>\n<\/tr>\n<tr>\n<td>_utmz<\/td>\n<td>Third<\/td>\n<td>2 years<\/td>\n<td>Used by Google Analytics.<\/td>\n<\/tr>\n<tr>\n<td>__utma<\/td>\n<td>Third<\/td>\n<td>2 years<\/td>\n<td>Used by Google Analytics.<\/td>\n<\/tr>\n<tr>\n<td>__utmb<\/td>\n<td>Third<\/td>\n<td>30 minutes<\/td>\n<td>Used by Google Analytics.<\/td>\n<\/tr>\n<\/tbody>\n<\/table>\n<\/div><div class=\"fusion-clearfix\"><\/div><\/div><\/div><\/div><\/div>\n","protected":false},"excerpt":{"rendered":"","protected":false},"author":1,"featured_media":0,"parent":0,"menu_order":0,"comment_status":"closed","ping_status":"closed","template":"","meta":{"footnotes":""},"class_list":["post-1438","page","type-page","status-publish","hentry"],"yoast_head":"<!-- This site is optimized with the Yoast SEO plugin v27.4 - https:\/\/yoast.com\/product\/yoast-seo-wordpress\/ -->\n<title>Info cookies Service Taxis 24h Barcelona Airport<\/title>\n<meta name=\"description\" content=\"Info cookies of the Taxis Barcelona website, a taxi service in the city of Barcelona and surroundings, available 24 hours, 365 days.\" \/>\n<meta name=\"robots\" content=\"index, follow, max-snippet:-1, max-image-preview:large, max-video-preview:-1\" \/>\n<link rel=\"canonical\" href=\"https:\/\/taxisbarcelona.org\/en\/cookies\/\" \/>\n<meta property=\"og:locale\" content=\"en_US\" \/>\n<meta property=\"og:type\" content=\"article\" \/>\n<meta property=\"og:title\" content=\"Info cookies Service Taxis 24h Barcelona Airport\" \/>\n<meta property=\"og:description\" content=\"Info cookies of the Taxis Barcelona website, a taxi service in the city of Barcelona and surroundings, available 24 hours, 365 days.\" \/>\n<meta property=\"og:url\" content=\"https:\/\/taxisbarcelona.org\/en\/cookies\/\" \/>\n<meta property=\"og:site_name\" content=\"Taxis Barcelona - Servicios 24 horas - Aeropuerto noche\" \/>\n<meta property=\"article:modified_time\" content=\"2019-07-03T07:37:32+00:00\" \/>\n<meta name=\"twitter:card\" content=\"summary_large_image\" \/>\n<meta name=\"twitter:label1\" content=\"Est. reading time\" \/>\n\t<meta name=\"twitter:data1\" content=\"4 minutes\" \/>\n<script type=\"application\/ld+json\" class=\"yoast-schema-graph\">{\"@context\":\"https:\\\/\\\/schema.org\",\"@graph\":[{\"@type\":\"WebPage\",\"@id\":\"https:\\\/\\\/taxisbarcelona.org\\\/en\\\/cookies\\\/\",\"url\":\"https:\\\/\\\/taxisbarcelona.org\\\/en\\\/cookies\\\/\",\"name\":\"Info cookies Service Taxis 24h Barcelona Airport\",\"isPartOf\":{\"@id\":\"https:\\\/\\\/taxisbarcelona.org\\\/#website\"},\"datePublished\":\"2019-06-28T10:32:50+00:00\",\"dateModified\":\"2019-07-03T07:37:32+00:00\",\"description\":\"Info cookies of the Taxis Barcelona website, a taxi service in the city of Barcelona and surroundings, available 24 hours, 365 days.\",\"breadcrumb\":{\"@id\":\"https:\\\/\\\/taxisbarcelona.org\\\/en\\\/cookies\\\/#breadcrumb\"},\"inLanguage\":\"en-US\",\"potentialAction\":[{\"@type\":\"ReadAction\",\"target\":[\"https:\\\/\\\/taxisbarcelona.org\\\/en\\\/cookies\\\/\"]}]},{\"@type\":\"BreadcrumbList\",\"@id\":\"https:\\\/\\\/taxisbarcelona.org\\\/en\\\/cookies\\\/#breadcrumb\",\"itemListElement\":[{\"@type\":\"ListItem\",\"position\":1,\"name\":\"Portada\",\"item\":\"https:\\\/\\\/taxisbarcelona.org\\\/en\\\/\"},{\"@type\":\"ListItem\",\"position\":2,\"name\":\"Cookies\"}]},{\"@type\":\"WebSite\",\"@id\":\"https:\\\/\\\/taxisbarcelona.org\\\/#website\",\"url\":\"https:\\\/\\\/taxisbarcelona.org\\\/\",\"name\":\"Taxis Barcelona - Servicios 24 horas - Aeropuerto noche\",\"description\":\"Servicio de transporte durante las 24 horas, todos los d\u00edas del a\u00f1o. Servicios nocturnos de traslado al Aeropuerto de Barcelona, Girona y Reus. Tours guiados y paqueter\u00eda.\",\"publisher\":{\"@id\":\"https:\\\/\\\/taxisbarcelona.org\\\/#organization\"},\"potentialAction\":[{\"@type\":\"SearchAction\",\"target\":{\"@type\":\"EntryPoint\",\"urlTemplate\":\"https:\\\/\\\/taxisbarcelona.org\\\/?s={search_term_string}\"},\"query-input\":{\"@type\":\"PropertyValueSpecification\",\"valueRequired\":true,\"valueName\":\"search_term_string\"}}],\"inLanguage\":\"en-US\"},{\"@type\":\"Organization\",\"@id\":\"https:\\\/\\\/taxisbarcelona.org\\\/#organization\",\"name\":\"Taxis Barcelona\",\"url\":\"https:\\\/\\\/taxisbarcelona.org\\\/\",\"logo\":{\"@type\":\"ImageObject\",\"inLanguage\":\"en-US\",\"@id\":\"https:\\\/\\\/taxisbarcelona.org\\\/#\\\/schema\\\/logo\\\/image\\\/\",\"url\":\"https:\\\/\\\/taxisbarcelona.org\\\/wp-content\\\/uploads\\\/taxi-barcelona-logo-webx2.png\",\"contentUrl\":\"https:\\\/\\\/taxisbarcelona.org\\\/wp-content\\\/uploads\\\/taxi-barcelona-logo-webx2.png\",\"width\":500,\"height\":200,\"caption\":\"Taxis Barcelona\"},\"image\":{\"@id\":\"https:\\\/\\\/taxisbarcelona.org\\\/#\\\/schema\\\/logo\\\/image\\\/\"}}]}<\/script>\n<!-- \/ Yoast SEO plugin. -->","yoast_head_json":{"title":"Info cookies Service Taxis 24h Barcelona Airport","description":"Info cookies of the Taxis Barcelona website, a taxi service in the city of Barcelona and surroundings, available 24 hours, 365 days.","robots":{"index":"index","follow":"follow","max-snippet":"max-snippet:-1","max-image-preview":"max-image-preview:large","max-video-preview":"max-video-preview:-1"},"canonical":"https:\/\/taxisbarcelona.org\/en\/cookies\/","og_locale":"en_US","og_type":"article","og_title":"Info cookies Service Taxis 24h Barcelona Airport","og_description":"Info cookies of the Taxis Barcelona website, a taxi service in the city of Barcelona and surroundings, available 24 hours, 365 days.","og_url":"https:\/\/taxisbarcelona.org\/en\/cookies\/","og_site_name":"Taxis Barcelona - Servicios 24 horas - Aeropuerto noche","article_modified_time":"2019-07-03T07:37:32+00:00","twitter_card":"summary_large_image","twitter_misc":{"Est. reading time":"4 minutes"},"schema":{"@context":"https:\/\/schema.org","@graph":[{"@type":"WebPage","@id":"https:\/\/taxisbarcelona.org\/en\/cookies\/","url":"https:\/\/taxisbarcelona.org\/en\/cookies\/","name":"Info cookies Service Taxis 24h Barcelona Airport","isPartOf":{"@id":"https:\/\/taxisbarcelona.org\/#website"},"datePublished":"2019-06-28T10:32:50+00:00","dateModified":"2019-07-03T07:37:32+00:00","description":"Info cookies of the Taxis Barcelona website, a taxi service in the city of Barcelona and surroundings, available 24 hours, 365 days.","breadcrumb":{"@id":"https:\/\/taxisbarcelona.org\/en\/cookies\/#breadcrumb"},"inLanguage":"en-US","potentialAction":[{"@type":"ReadAction","target":["https:\/\/taxisbarcelona.org\/en\/cookies\/"]}]},{"@type":"BreadcrumbList","@id":"https:\/\/taxisbarcelona.org\/en\/cookies\/#breadcrumb","itemListElement":[{"@type":"ListItem","position":1,"name":"Portada","item":"https:\/\/taxisbarcelona.org\/en\/"},{"@type":"ListItem","position":2,"name":"Cookies"}]},{"@type":"WebSite","@id":"https:\/\/taxisbarcelona.org\/#website","url":"https:\/\/taxisbarcelona.org\/","name":"Taxis Barcelona - Servicios 24 horas - Aeropuerto noche","description":"Servicio de transporte durante las 24 horas, todos los d\u00edas del a\u00f1o. Servicios nocturnos de traslado al Aeropuerto de Barcelona, Girona y Reus. Tours guiados y paqueter\u00eda.","publisher":{"@id":"https:\/\/taxisbarcelona.org\/#organization"},"potentialAction":[{"@type":"SearchAction","target":{"@type":"EntryPoint","urlTemplate":"https:\/\/taxisbarcelona.org\/?s={search_term_string}"},"query-input":{"@type":"PropertyValueSpecification","valueRequired":true,"valueName":"search_term_string"}}],"inLanguage":"en-US"},{"@type":"Organization","@id":"https:\/\/taxisbarcelona.org\/#organization","name":"Taxis Barcelona","url":"https:\/\/taxisbarcelona.org\/","logo":{"@type":"ImageObject","inLanguage":"en-US","@id":"https:\/\/taxisbarcelona.org\/#\/schema\/logo\/image\/","url":"https:\/\/taxisbarcelona.org\/wp-content\/uploads\/taxi-barcelona-logo-webx2.png","contentUrl":"https:\/\/taxisbarcelona.org\/wp-content\/uploads\/taxi-barcelona-logo-webx2.png","width":500,"height":200,"caption":"Taxis Barcelona"},"image":{"@id":"https:\/\/taxisbarcelona.org\/#\/schema\/logo\/image\/"}}]}},"_links":{"self":[{"href":"https:\/\/taxisbarcelona.org\/en\/wp-json\/wp\/v2\/pages\/1438","targetHints":{"allow":["GET"]}}],"collection":[{"href":"https:\/\/taxisbarcelona.org\/en\/wp-json\/wp\/v2\/pages"}],"about":[{"href":"https:\/\/taxisbarcelona.org\/en\/wp-json\/wp\/v2\/types\/page"}],"author":[{"embeddable":true,"href":"https:\/\/taxisbarcelona.org\/en\/wp-json\/wp\/v2\/users\/1"}],"replies":[{"embeddable":true,"href":"https:\/\/taxisbarcelona.org\/en\/wp-json\/wp\/v2\/comments?post=1438"}],"version-history":[{"count":0,"href":"https:\/\/taxisbarcelona.org\/en\/wp-json\/wp\/v2\/pages\/1438\/revisions"}],"wp:attachment":[{"href":"https:\/\/taxisbarcelona.org\/en\/wp-json\/wp\/v2\/media?parent=1438"}],"curies":[{"name":"wp","href":"https:\/\/api.w.org\/{rel}","templated":true}]}}