{"id":1442,"date":"2019-06-28T12:27:49","date_gmt":"2019-06-28T10:27:49","guid":{"rendered":"http:\/\/taxisbarcelona.pruebasweb.com.es\/politica-de-privacidad\/"},"modified":"2019-07-01T15:16:04","modified_gmt":"2019-07-01T13:16:04","slug":"privacy-policy","status":"publish","type":"page","link":"https:\/\/taxisbarcelona.org\/en\/privacy-policy\/","title":{"rendered":"Privacy policy"},"content":{"rendered":"<div class=\"fusion-fullwidth fullwidth-box fusion-builder-row-1 nonhundred-percent-fullwidth non-hundred-percent-height-scrolling\" style=\"--awb-border-radius-top-left:0px;--awb-border-radius-top-right:0px;--awb-border-radius-bottom-right:0px;--awb-border-radius-bottom-left:0px;--awb-padding-bottom:4%;--awb-flex-wrap:wrap;\" ><div class=\"fusion-builder-row fusion-row\"><div class=\"fusion-layout-column fusion_builder_column fusion-builder-column-0 fusion_builder_column_1_1 1_1 fusion-one-full fusion-column-first fusion-column-last\" style=\"--awb-bg-size:cover;\"><div class=\"fusion-column-wrapper fusion-column-has-shadow fusion-flex-column-wrapper-legacy\"><div class=\"fusion-text fusion-text-1 justificado\"><h3><strong>PRIVACY POLICY<\/strong><\/h3>\n<p><strong>Taxis Barcelona<\/strong>, through this privacy policy informs the USERS of the website about its policy regarding the treatment and protection of the users and clients\u2019 personal data that may be collected by the navigation or services hiring through our website.<\/p>\n<p>In this sense, <strong>Taxis Barcelona <\/strong> informs you that your data will be treated in accordance with the regulations in force regarding the privacy policy, according to what is established in the Regulation (UE) 2016\/679 of 27th of April of 2016 (RGPD).<\/p>\n<p>The use of this website implies the acceptance of this privacy policy.<\/p>\n<p><strong>Responsible for the Treatment<\/strong><\/p>\n<p><strong>Taxis Barcelona <\/strong>is the owner of the website taxisbarcelona.org<\/p>\n<p>Telephone: <strong>+34 931 387 546<\/strong><\/p>\n<p>E-mail: <a href=\"mailto:protecciondatos@taxisbarcelona.org\">protecciondedatos@taxisbarcelona.org<\/a><\/p>\n<p><strong>1. Data collection<\/strong><\/p>\n<p><strong>Taxis Barcelona\u00a0<\/strong>reports that the data obtained via this website, the forms of it and the ones received by e-mail are those that are voluntarily provided by the user, which derive from relations and communications with the company and information that is legitimately removable from the data we deal with.<\/p>\n<p>In the same way, we also obtain data through third party information provided by the user or third parties prior to the consent of the same, existing a legitimate basis.<\/p>\n<p><strong>2. Purpose of obtaining and collection of data<\/strong><\/p>\n<p><strong>Taxis Barcelona\u00a0<\/strong>will treat the data provided to it with the aim to offer you the products and\/or services you have hired, to manage your queries or requests and any other assumption that may be necessary to fulfill the commercial relations you keep with us.<\/p>\n<p>Also, the data will be treated to send you commercial communications, always with your prior consent, as well as to analyze browsing habits.<\/p>\n<p>In case of wanting to be part of <strong>Taxis Barcelona <\/strong>\u2018s team, the data of the users and the documentation provided to us will be treated in order to evaluate the profile of the candidate and to consider it for possible vacancies in the company.<\/p>\n<p><strong>3. Data treatment<\/strong><\/p>\n<p>In accordance with the applicable regulations,, <strong>Taxis Barcelona\u00a0<\/strong>undertakes to treat the data to which we have access to by applying the appropriate technical, preventive and organisational measures. In this way we guarantee the highest level of security and the optimum levels of confidentiality, integrity and availability of the services and data management systems.<\/p>\n<p><strong>4. Communication of information to third parties<\/strong><\/p>\n<p><strong>Taxis Barcelona <\/strong>informs users that their personal data will not be transferred to third organizations, except that such transfer of data is covered by a legal obligation or when the provision of a service implies the need for a contractual relationship with a treatment manager. In this last one case, only the transfer to a third party of the data will be carried out when <strong>Taxis Barcelona <\/strong>has the express consent of the user.<\/p>\n<p>It is possible that some of our suppliers, for example Google, process data outside the borders of the European Union. In this cases, we require the supplier to be attached to a protocol for the adequacy of data protection approved by the European Union.<\/p>\n<p><strong>5. Time of data storage<\/strong><\/p>\n<p><strong>Taxis Barcelona <\/strong>will keep all the user\u2019s data until the moment in which its deletion is expressly requested or, on the contrary, until the end of the business relation with our company. In this case, the data will be deleted when the expected legal terms are fulfilled.<\/p>\n<p><strong>6. Rights of the users<\/strong><\/p>\n<p>You will always be able to exercise the rights of access, rectification, abolition, limitation, opposition and portability in accordance with the provisions of the current legal regulations regarding privacy policy.<\/p>\n<p>To make use of this rights, you will have to address by written communication, providing documentation that confirms your identity (ID card or passport), to the following address:<\/p>\n<p>e-mail address: <a href=\"mailto:protecciondatos@taxisbarcelona.org\">protecciondedatos@taxisbarcelona.org<\/a><\/p>\n<p>This communication must indicate clearly and concisely your identifying and accrediting data, as well as your application regarding your data.<\/p>\n<p><strong>7. Responsibilities of the users<\/strong><\/p>\n<p>The user is responsible for all the data provided and sent to <strong>Taxis Barcelona <\/strong>are truthful, accurate, updated, effective and authentic.<\/p>\n<p>It is also responsible for the consent given to the company for its treatment and use. In the same way, the user is responsible for the data of third parties facilitated to us, regarding to which it is obligated to have express consent.<\/p>\n<p><strong>8. Legislation and jurisdiction<\/strong><\/p>\n<p>The fact of entering to a website and in the applications of <strong>Taxis Barcelona <\/strong>implies the acceptance of the conditions set out in this Privacy Policy. If you do not accept these conditions, you should avoid using and visiting our website.<\/p>\n<p>Any kind of inconvenience and controversy that could occur, will be governed by the Spanish legislation and will be submitted to the courts and tribunals of the closest city to the registered office of <strong>Taxis Barcelona<\/strong><\/p>\n<p><strong>MORE INFORMATION<\/strong><\/p>\n<ul>\n<li><a href=\"\/en\/legal-notice\/\">Legal notice<\/a><\/li>\n<li><a href=\"\/en\/cookies\/\">Information about cookies<\/a><\/li>\n<\/ul>\n<\/div><div class=\"fusion-clearfix\"><\/div><\/div><\/div><\/div><\/div>\n","protected":false},"excerpt":{"rendered":"","protected":false},"author":1,"featured_media":0,"parent":0,"menu_order":0,"comment_status":"closed","ping_status":"closed","template":"","meta":{"footnotes":""},"class_list":["post-1442","page","type-page","status-publish","hentry"],"yoast_head":"<!-- This site is optimized with the Yoast SEO plugin v27.3 - https:\/\/yoast.com\/product\/yoast-seo-wordpress\/ -->\n<title>Privacy Policy. Taxi Service 24h Barcelona Airport<\/title>\n<meta name=\"description\" content=\"Privacy policy of the Taxis Barcelona website, a taxi service in the city of Barcelona and surroundings, available 24 hours a day, 365 days a week.\" \/>\n<meta name=\"robots\" content=\"index, follow, max-snippet:-1, max-image-preview:large, max-video-preview:-1\" \/>\n<link rel=\"canonical\" href=\"https:\/\/taxisbarcelona.org\/en\/privacy-policy\/\" \/>\n<meta property=\"og:locale\" content=\"en_US\" \/>\n<meta property=\"og:type\" content=\"article\" \/>\n<meta property=\"og:title\" content=\"Privacy Policy. Taxi Service 24h Barcelona Airport\" \/>\n<meta property=\"og:description\" content=\"Privacy policy of the Taxis Barcelona website, a taxi service in the city of Barcelona and surroundings, available 24 hours a day, 365 days a week.\" \/>\n<meta property=\"og:url\" content=\"https:\/\/taxisbarcelona.org\/en\/privacy-policy\/\" \/>\n<meta property=\"og:site_name\" content=\"Taxis Barcelona - Servicios 24 horas - Aeropuerto noche\" \/>\n<meta property=\"article:modified_time\" content=\"2019-07-01T13:16:04+00:00\" \/>\n<meta name=\"twitter:card\" content=\"summary_large_image\" \/>\n<meta name=\"twitter:label1\" content=\"Est. reading time\" \/>\n\t<meta name=\"twitter:data1\" content=\"5 minutes\" \/>\n<script type=\"application\/ld+json\" class=\"yoast-schema-graph\">{\"@context\":\"https:\\\/\\\/schema.org\",\"@graph\":[{\"@type\":\"WebPage\",\"@id\":\"https:\\\/\\\/taxisbarcelona.org\\\/en\\\/privacy-policy\\\/\",\"url\":\"https:\\\/\\\/taxisbarcelona.org\\\/en\\\/privacy-policy\\\/\",\"name\":\"Privacy Policy. Taxi Service 24h Barcelona Airport\",\"isPartOf\":{\"@id\":\"https:\\\/\\\/taxisbarcelona.org\\\/#website\"},\"datePublished\":\"2019-06-28T10:27:49+00:00\",\"dateModified\":\"2019-07-01T13:16:04+00:00\",\"description\":\"Privacy policy of the Taxis Barcelona website, a taxi service in the city of Barcelona and surroundings, available 24 hours a day, 365 days a week.\",\"breadcrumb\":{\"@id\":\"https:\\\/\\\/taxisbarcelona.org\\\/en\\\/privacy-policy\\\/#breadcrumb\"},\"inLanguage\":\"en-US\",\"potentialAction\":[{\"@type\":\"ReadAction\",\"target\":[\"https:\\\/\\\/taxisbarcelona.org\\\/en\\\/privacy-policy\\\/\"]}]},{\"@type\":\"BreadcrumbList\",\"@id\":\"https:\\\/\\\/taxisbarcelona.org\\\/en\\\/privacy-policy\\\/#breadcrumb\",\"itemListElement\":[{\"@type\":\"ListItem\",\"position\":1,\"name\":\"Portada\",\"item\":\"https:\\\/\\\/taxisbarcelona.org\\\/en\\\/\"},{\"@type\":\"ListItem\",\"position\":2,\"name\":\"Privacy policy\"}]},{\"@type\":\"WebSite\",\"@id\":\"https:\\\/\\\/taxisbarcelona.org\\\/#website\",\"url\":\"https:\\\/\\\/taxisbarcelona.org\\\/\",\"name\":\"Taxis Barcelona - Servicios 24 horas - Aeropuerto noche\",\"description\":\"Servicio de transporte durante las 24 horas, todos los d\u00edas del a\u00f1o. Servicios nocturnos de traslado al Aeropuerto de Barcelona, Girona y Reus. Tours guiados y paqueter\u00eda.\",\"publisher\":{\"@id\":\"https:\\\/\\\/taxisbarcelona.org\\\/#organization\"},\"potentialAction\":[{\"@type\":\"SearchAction\",\"target\":{\"@type\":\"EntryPoint\",\"urlTemplate\":\"https:\\\/\\\/taxisbarcelona.org\\\/?s={search_term_string}\"},\"query-input\":{\"@type\":\"PropertyValueSpecification\",\"valueRequired\":true,\"valueName\":\"search_term_string\"}}],\"inLanguage\":\"en-US\"},{\"@type\":\"Organization\",\"@id\":\"https:\\\/\\\/taxisbarcelona.org\\\/#organization\",\"name\":\"Taxis Barcelona\",\"url\":\"https:\\\/\\\/taxisbarcelona.org\\\/\",\"logo\":{\"@type\":\"ImageObject\",\"inLanguage\":\"en-US\",\"@id\":\"https:\\\/\\\/taxisbarcelona.org\\\/#\\\/schema\\\/logo\\\/image\\\/\",\"url\":\"https:\\\/\\\/taxisbarcelona.org\\\/wp-content\\\/uploads\\\/taxi-barcelona-logo-webx2.png\",\"contentUrl\":\"https:\\\/\\\/taxisbarcelona.org\\\/wp-content\\\/uploads\\\/taxi-barcelona-logo-webx2.png\",\"width\":500,\"height\":200,\"caption\":\"Taxis Barcelona\"},\"image\":{\"@id\":\"https:\\\/\\\/taxisbarcelona.org\\\/#\\\/schema\\\/logo\\\/image\\\/\"}}]}<\/script>\n<!-- \/ Yoast SEO plugin. -->","yoast_head_json":{"title":"Privacy Policy. Taxi Service 24h Barcelona Airport","description":"Privacy policy of the Taxis Barcelona website, a taxi service in the city of Barcelona and surroundings, available 24 hours a day, 365 days a week.","robots":{"index":"index","follow":"follow","max-snippet":"max-snippet:-1","max-image-preview":"max-image-preview:large","max-video-preview":"max-video-preview:-1"},"canonical":"https:\/\/taxisbarcelona.org\/en\/privacy-policy\/","og_locale":"en_US","og_type":"article","og_title":"Privacy Policy. Taxi Service 24h Barcelona Airport","og_description":"Privacy policy of the Taxis Barcelona website, a taxi service in the city of Barcelona and surroundings, available 24 hours a day, 365 days a week.","og_url":"https:\/\/taxisbarcelona.org\/en\/privacy-policy\/","og_site_name":"Taxis Barcelona - Servicios 24 horas - Aeropuerto noche","article_modified_time":"2019-07-01T13:16:04+00:00","twitter_card":"summary_large_image","twitter_misc":{"Est. reading time":"5 minutes"},"schema":{"@context":"https:\/\/schema.org","@graph":[{"@type":"WebPage","@id":"https:\/\/taxisbarcelona.org\/en\/privacy-policy\/","url":"https:\/\/taxisbarcelona.org\/en\/privacy-policy\/","name":"Privacy Policy. Taxi Service 24h Barcelona Airport","isPartOf":{"@id":"https:\/\/taxisbarcelona.org\/#website"},"datePublished":"2019-06-28T10:27:49+00:00","dateModified":"2019-07-01T13:16:04+00:00","description":"Privacy policy of the Taxis Barcelona website, a taxi service in the city of Barcelona and surroundings, available 24 hours a day, 365 days a week.","breadcrumb":{"@id":"https:\/\/taxisbarcelona.org\/en\/privacy-policy\/#breadcrumb"},"inLanguage":"en-US","potentialAction":[{"@type":"ReadAction","target":["https:\/\/taxisbarcelona.org\/en\/privacy-policy\/"]}]},{"@type":"BreadcrumbList","@id":"https:\/\/taxisbarcelona.org\/en\/privacy-policy\/#breadcrumb","itemListElement":[{"@type":"ListItem","position":1,"name":"Portada","item":"https:\/\/taxisbarcelona.org\/en\/"},{"@type":"ListItem","position":2,"name":"Privacy policy"}]},{"@type":"WebSite","@id":"https:\/\/taxisbarcelona.org\/#website","url":"https:\/\/taxisbarcelona.org\/","name":"Taxis Barcelona - Servicios 24 horas - Aeropuerto noche","description":"Servicio de transporte durante las 24 horas, todos los d\u00edas del a\u00f1o. Servicios nocturnos de traslado al Aeropuerto de Barcelona, Girona y Reus. Tours guiados y paqueter\u00eda.","publisher":{"@id":"https:\/\/taxisbarcelona.org\/#organization"},"potentialAction":[{"@type":"SearchAction","target":{"@type":"EntryPoint","urlTemplate":"https:\/\/taxisbarcelona.org\/?s={search_term_string}"},"query-input":{"@type":"PropertyValueSpecification","valueRequired":true,"valueName":"search_term_string"}}],"inLanguage":"en-US"},{"@type":"Organization","@id":"https:\/\/taxisbarcelona.org\/#organization","name":"Taxis Barcelona","url":"https:\/\/taxisbarcelona.org\/","logo":{"@type":"ImageObject","inLanguage":"en-US","@id":"https:\/\/taxisbarcelona.org\/#\/schema\/logo\/image\/","url":"https:\/\/taxisbarcelona.org\/wp-content\/uploads\/taxi-barcelona-logo-webx2.png","contentUrl":"https:\/\/taxisbarcelona.org\/wp-content\/uploads\/taxi-barcelona-logo-webx2.png","width":500,"height":200,"caption":"Taxis Barcelona"},"image":{"@id":"https:\/\/taxisbarcelona.org\/#\/schema\/logo\/image\/"}}]}},"_links":{"self":[{"href":"https:\/\/taxisbarcelona.org\/en\/wp-json\/wp\/v2\/pages\/1442","targetHints":{"allow":["GET"]}}],"collection":[{"href":"https:\/\/taxisbarcelona.org\/en\/wp-json\/wp\/v2\/pages"}],"about":[{"href":"https:\/\/taxisbarcelona.org\/en\/wp-json\/wp\/v2\/types\/page"}],"author":[{"embeddable":true,"href":"https:\/\/taxisbarcelona.org\/en\/wp-json\/wp\/v2\/users\/1"}],"replies":[{"embeddable":true,"href":"https:\/\/taxisbarcelona.org\/en\/wp-json\/wp\/v2\/comments?post=1442"}],"version-history":[{"count":0,"href":"https:\/\/taxisbarcelona.org\/en\/wp-json\/wp\/v2\/pages\/1442\/revisions"}],"wp:attachment":[{"href":"https:\/\/taxisbarcelona.org\/en\/wp-json\/wp\/v2\/media?parent=1442"}],"curies":[{"name":"wp","href":"https:\/\/api.w.org\/{rel}","templated":true}]}}